{"id":1922,"date":"2025-11-27T13:48:49","date_gmt":"2025-11-27T12:48:49","guid":{"rendered":"https:\/\/sklep.fbcs.pl\/?post_type=product&#038;p=1922"},"modified":"2026-03-12T12:22:26","modified_gmt":"2026-03-12T11:22:26","slug":"t-shirt-sparx-bialy-3","status":"publish","type":"product","link":"https:\/\/sklep.fbcs.pl\/en\/produkt\/t-shirt-sparx-bialy-3\/","title":{"rendered":"Women&#039;s T-shirt SPARX  blue denim"},"content":{"rendered":"<p>Koszulka damska z kolekcji POLISH SPARX w kolorze niebieskim\/denim z bia\u0142ym logo na piersi oraz bia\u0142\u0105 grafik\u0105 samolot\u00f3w TS11 Iskra na plecach.<\/p>\n<p>Sk\u0142ad: 100% bawe\u0142na<\/p>\n<p>Gramatura: 180g<\/p>\n<p>Kolor : niebieska z bia\u0142ym nadrukiem<\/p>\n<p>Fason : Slim FIT<\/p>\n<p>Model: Damski<\/p>\n<p>Rozmiary: XS, S, M, L<\/p>\n","protected":false},"excerpt":{"rendered":"<p>Koszulka damska z kolekcji POLISH SPARX w kolorze niebieskim\/denim z bia\u0142ym logo na piersi oraz bia\u0142\u0105 grafik\u0105 samolot\u00f3w TS11 Iskra na plecach.<\/p>\n","protected":false},"featured_media":1775,"template":"","meta":[],"yoast_head":"<!-- This site is optimized with the Yoast SEO plugin v14.5 - https:\/\/yoast.com\/wordpress\/plugins\/seo\/ -->\n<title>Women&#039;s T-shirt SPARX blue denim - Fundacja Bia\u0142o-Czerwone Skrzyd\u0142a - Jet Flight<\/title>\n<meta name=\"robots\" content=\"index, follow\" \/>\n<meta name=\"googlebot\" content=\"index, follow, max-snippet:-1, max-image-preview:large, max-video-preview:-1\" \/>\n<meta name=\"bingbot\" content=\"index, follow, max-snippet:-1, max-image-preview:large, max-video-preview:-1\" \/>\n<link rel=\"canonical\" href=\"https:\/\/sklep.fbcs.pl\/produkt\/t-shirt-sparx-bialy-3\/\" \/>\n<meta property=\"og:locale\" content=\"en_GB\" \/>\n<meta property=\"og:type\" content=\"article\" \/>\n<meta property=\"og:title\" content=\"Women&#039;s T-shirt SPARX blue denim\" \/>\n<meta property=\"og:description\" content=\"Koszulka damska z kolekcji POLISH SPARX w kolorze niebieskim\/denim z bia\u0142ym logo na piersi oraz bia\u0142\u0105 grafik\u0105 samolot\u00f3w TS11 Iskra na plecach.\" \/>\n<meta property=\"og:url\" content=\"https:\/\/sklep.fbcs.pl\/produkt\/t-shirt-sparx-bialy-3\/\" \/>\n<meta property=\"og:site_name\" content=\"Fundacja Bia\u0142o-Czerwone Skrzyd\u0142a - Jet Flight\" \/>\n<meta property=\"article:publisher\" content=\"https:\/\/www.facebook.com\/BialoCzerwoneSkrzydla\/\" \/>\n<meta property=\"article:modified_time\" content=\"2026-03-12T11:22:26+00:00\" \/>\n<meta property=\"og:image\" content=\"https:\/\/sklep.fbcs.pl\/wp-content\/uploads\/2021\/10\/t-shirt_blue_M_3-640x800.jpg\" \/>\n\t<meta property=\"og:image:width\" content=\"640\" \/>\n\t<meta property=\"og:image:height\" content=\"800\" \/>\n<meta name=\"twitter:card\" content=\"summary_large_image\" \/>\n<script type=\"application\/ld+json\" class=\"yoast-schema-graph\">{\"@context\":\"https:\/\/schema.org\",\"@graph\":[{\"@type\":\"Organization\",\"@id\":\"https:\/\/sklep.fbcs.pl\/en\/#organization\",\"name\":\"Jet Flight - Fundacja Bia\\u0142o-Czerwone Skrzyd\\u0142a\",\"url\":\"https:\/\/sklep.fbcs.pl\/en\/\",\"sameAs\":[\"https:\/\/www.facebook.com\/BialoCzerwoneSkrzydla\/\",\"https:\/\/www.instagram.com\/fundacjabialoczerwoneskrzydla\/\"],\"logo\":{\"@type\":\"ImageObject\",\"@id\":\"https:\/\/sklep.fbcs.pl\/en\/#logo\",\"inLanguage\":\"en-GB\",\"url\":\"https:\/\/sklep.fbcs.pl\/wp-content\/uploads\/2020\/04\/logo_sq.png\",\"width\":500,\"height\":500,\"caption\":\"Jet Flight - Fundacja Bia\\u0142o-Czerwone Skrzyd\\u0142a\"},\"image\":{\"@id\":\"https:\/\/sklep.fbcs.pl\/en\/#logo\"}},{\"@type\":\"WebSite\",\"@id\":\"https:\/\/sklep.fbcs.pl\/en\/#website\",\"url\":\"https:\/\/sklep.fbcs.pl\/en\/\",\"name\":\"Fundacja Bia\\u0142o-Czerwone Skrzyd\\u0142a - Jet Flight\",\"description\":\"\",\"publisher\":{\"@id\":\"https:\/\/sklep.fbcs.pl\/en\/#organization\"},\"potentialAction\":[{\"@type\":\"SearchAction\",\"target\":\"https:\/\/sklep.fbcs.pl\/en\/?s={search_term_string}\",\"query-input\":\"required name=search_term_string\"}],\"inLanguage\":\"en-GB\"},{\"@type\":\"ImageObject\",\"@id\":\"https:\/\/sklep.fbcs.pl\/produkt\/t-shirt-sparx-bialy-3\/#primaryimage\",\"inLanguage\":\"en-GB\",\"url\":\"https:\/\/sklep.fbcs.pl\/wp-content\/uploads\/2021\/10\/t-shirt_blue_M_3.jpg\",\"width\":1536,\"height\":1920},{\"@type\":\"WebPage\",\"@id\":\"https:\/\/sklep.fbcs.pl\/produkt\/t-shirt-sparx-bialy-3\/#webpage\",\"url\":\"https:\/\/sklep.fbcs.pl\/produkt\/t-shirt-sparx-bialy-3\/\",\"name\":\"[:pl]T-shirt damski SPARX denim[:en]Women&#039;s T-shirt SPARX blue denim[:] - Fundacja Bia\\u0142o-Czerwone Skrzyd\\u0142a - Jet Flight\",\"isPartOf\":{\"@id\":\"https:\/\/sklep.fbcs.pl\/en\/#website\"},\"primaryImageOfPage\":{\"@id\":\"https:\/\/sklep.fbcs.pl\/produkt\/t-shirt-sparx-bialy-3\/#primaryimage\"},\"datePublished\":\"2025-11-27T12:48:49+00:00\",\"dateModified\":\"2026-03-12T11:22:26+00:00\",\"inLanguage\":\"en-GB\",\"potentialAction\":[{\"@type\":\"ReadAction\",\"target\":[\"https:\/\/sklep.fbcs.pl\/produkt\/t-shirt-sparx-bialy-3\/\"]}]}]}<\/script>\n<!-- \/ Yoast SEO plugin. -->","_links":{"self":[{"href":"https:\/\/sklep.fbcs.pl\/en\/wp-json\/wp\/v2\/product\/1922"}],"collection":[{"href":"https:\/\/sklep.fbcs.pl\/en\/wp-json\/wp\/v2\/product"}],"about":[{"href":"https:\/\/sklep.fbcs.pl\/en\/wp-json\/wp\/v2\/types\/product"}],"wp:featuredmedia":[{"embeddable":true,"href":"https:\/\/sklep.fbcs.pl\/en\/wp-json\/wp\/v2\/media\/1775"}],"wp:attachment":[{"href":"https:\/\/sklep.fbcs.pl\/en\/wp-json\/wp\/v2\/media?parent=1922"}],"curies":[{"name":"wp","href":"https:\/\/api.w.org\/{rel}","templated":true}]}}