{"id":1910,"date":"2025-11-27T13:24:35","date_gmt":"2025-11-27T12:24:35","guid":{"rendered":"https:\/\/sklep.fbcs.pl\/?post_type=product&#038;p=1910"},"modified":"2026-02-19T11:59:38","modified_gmt":"2026-02-19T10:59:38","slug":"bluza-z-kapturem-sparx-orange-2","status":"publish","type":"product","link":"https:\/\/sklep.fbcs.pl\/en\/produkt\/bluza-z-kapturem-sparx-orange-2\/","title":{"rendered":"Crewneck sweatshirt SPARX black"},"content":{"rendered":"<p>Bluza typu crewneck z kolekcji POLISH SPARX w kolorze czarnym z bia\u0142ym logo na piersi.<\/p>\n<p>Lekka i mi\u0119kka w dotyku. Wewn\u0105trz splot p\u0119telkowy (french terry)<\/p>\n<p>Sk\u0142ad: 80% bawe\u0142na organiczna, 20% poliester<\/p>\n<p>Gramatura: 280g<\/p>\n<p>Kolor : czarny z bia\u0142ym logo<\/p>\n<p>Fason : Regular FIT<\/p>\n<p>Model: UNISEX<\/p>\n<p>Rozmiary: S, M, L, XL<\/p>\n","protected":false},"excerpt":{"rendered":"<p>Bluza typu crewneck z kolekcji POLISH SPARX w kolorze czarnym z bia\u0142ym logo na piersi.Lekka i mi\u0119kka w dotyku.<\/p>\n","protected":false},"featured_media":1784,"template":"","meta":[],"yoast_head":"<!-- This site is optimized with the Yoast SEO plugin v14.5 - https:\/\/yoast.com\/wordpress\/plugins\/seo\/ -->\n<title>Bluza crewneck SPARX - Crewneck sweatshirt SPARX black - Fundacja Bia\u0142o-Czerwone Skrzyd\u0142a - Jet Flight<\/title>\n<meta name=\"robots\" content=\"index, follow\" \/>\n<meta name=\"googlebot\" content=\"index, follow, max-snippet:-1, max-image-preview:large, max-video-preview:-1\" \/>\n<meta name=\"bingbot\" content=\"index, follow, max-snippet:-1, max-image-preview:large, max-video-preview:-1\" \/>\n<link rel=\"canonical\" href=\"https:\/\/sklep.fbcs.pl\/produkt\/bluza-z-kapturem-sparx-orange-2\/\" \/>\n<meta property=\"og:locale\" content=\"en_GB\" \/>\n<meta property=\"og:type\" content=\"article\" \/>\n<meta property=\"og:title\" content=\"Crewneck sweatshirt SPARX black\" \/>\n<meta property=\"og:description\" content=\"Bluza typu crewneck z kolekcji POLISH SPARX w kolorze czarnym z bia\u0142ym logo na piersi.Lekka i mi\u0119kka w dotyku.\" \/>\n<meta property=\"og:url\" content=\"https:\/\/sklep.fbcs.pl\/produkt\/bluza-z-kapturem-sparx-orange-2\/\" \/>\n<meta property=\"og:site_name\" content=\"Fundacja Bia\u0142o-Czerwone Skrzyd\u0142a - Jet Flight\" \/>\n<meta property=\"article:publisher\" content=\"https:\/\/www.facebook.com\/BialoCzerwoneSkrzydla\/\" \/>\n<meta property=\"article:modified_time\" content=\"2026-02-19T10:59:38+00:00\" \/>\n<meta property=\"og:image\" content=\"https:\/\/sklep.fbcs.pl\/wp-content\/uploads\/2021\/10\/shirt_black_M_2-640x800.jpg\" \/>\n\t<meta property=\"og:image:width\" content=\"640\" \/>\n\t<meta property=\"og:image:height\" content=\"800\" \/>\n<meta name=\"twitter:card\" content=\"summary_large_image\" \/>\n<script type=\"application\/ld+json\" class=\"yoast-schema-graph\">{\"@context\":\"https:\/\/schema.org\",\"@graph\":[{\"@type\":\"Organization\",\"@id\":\"https:\/\/sklep.fbcs.pl\/en\/#organization\",\"name\":\"Jet Flight - Fundacja Bia\\u0142o-Czerwone Skrzyd\\u0142a\",\"url\":\"https:\/\/sklep.fbcs.pl\/en\/\",\"sameAs\":[\"https:\/\/www.facebook.com\/BialoCzerwoneSkrzydla\/\",\"https:\/\/www.instagram.com\/fundacjabialoczerwoneskrzydla\/\"],\"logo\":{\"@type\":\"ImageObject\",\"@id\":\"https:\/\/sklep.fbcs.pl\/en\/#logo\",\"inLanguage\":\"en-GB\",\"url\":\"https:\/\/sklep.fbcs.pl\/wp-content\/uploads\/2020\/04\/logo_sq.png\",\"width\":500,\"height\":500,\"caption\":\"Jet Flight - Fundacja Bia\\u0142o-Czerwone Skrzyd\\u0142a\"},\"image\":{\"@id\":\"https:\/\/sklep.fbcs.pl\/en\/#logo\"}},{\"@type\":\"WebSite\",\"@id\":\"https:\/\/sklep.fbcs.pl\/en\/#website\",\"url\":\"https:\/\/sklep.fbcs.pl\/en\/\",\"name\":\"Fundacja Bia\\u0142o-Czerwone Skrzyd\\u0142a - Jet Flight\",\"description\":\"\",\"publisher\":{\"@id\":\"https:\/\/sklep.fbcs.pl\/en\/#organization\"},\"potentialAction\":[{\"@type\":\"SearchAction\",\"target\":\"https:\/\/sklep.fbcs.pl\/en\/?s={search_term_string}\",\"query-input\":\"required name=search_term_string\"}],\"inLanguage\":\"en-GB\"},{\"@type\":\"ImageObject\",\"@id\":\"https:\/\/sklep.fbcs.pl\/produkt\/bluza-z-kapturem-sparx-orange-2\/#primaryimage\",\"inLanguage\":\"en-GB\",\"url\":\"https:\/\/sklep.fbcs.pl\/wp-content\/uploads\/2021\/10\/shirt_black_M_2.jpg\",\"width\":1536,\"height\":1920},{\"@type\":\"WebPage\",\"@id\":\"https:\/\/sklep.fbcs.pl\/produkt\/bluza-z-kapturem-sparx-orange-2\/#webpage\",\"url\":\"https:\/\/sklep.fbcs.pl\/produkt\/bluza-z-kapturem-sparx-orange-2\/\",\"name\":\"[:pl]Bluza crewneck SPARX - czarna[:en]Crewneck sweatshirt SPARX black[:] - Fundacja Bia\\u0142o-Czerwone Skrzyd\\u0142a - Jet Flight\",\"isPartOf\":{\"@id\":\"https:\/\/sklep.fbcs.pl\/en\/#website\"},\"primaryImageOfPage\":{\"@id\":\"https:\/\/sklep.fbcs.pl\/produkt\/bluza-z-kapturem-sparx-orange-2\/#primaryimage\"},\"datePublished\":\"2025-11-27T12:24:35+00:00\",\"dateModified\":\"2026-02-19T10:59:38+00:00\",\"inLanguage\":\"en-GB\",\"potentialAction\":[{\"@type\":\"ReadAction\",\"target\":[\"https:\/\/sklep.fbcs.pl\/produkt\/bluza-z-kapturem-sparx-orange-2\/\"]}]}]}<\/script>\n<!-- \/ Yoast SEO plugin. -->","_links":{"self":[{"href":"https:\/\/sklep.fbcs.pl\/en\/wp-json\/wp\/v2\/product\/1910"}],"collection":[{"href":"https:\/\/sklep.fbcs.pl\/en\/wp-json\/wp\/v2\/product"}],"about":[{"href":"https:\/\/sklep.fbcs.pl\/en\/wp-json\/wp\/v2\/types\/product"}],"wp:featuredmedia":[{"embeddable":true,"href":"https:\/\/sklep.fbcs.pl\/en\/wp-json\/wp\/v2\/media\/1784"}],"wp:attachment":[{"href":"https:\/\/sklep.fbcs.pl\/en\/wp-json\/wp\/v2\/media?parent=1910"}],"curies":[{"name":"wp","href":"https:\/\/api.w.org\/{rel}","templated":true}]}}