{"id":52,"date":"2018-02-11T10:24:57","date_gmt":"2018-02-11T09:24:57","guid":{"rendered":"http:\/\/foto-fm.pl\/pliki\/strony\/pm\/fbcssklep\/wishlist\/"},"modified":"2018-02-11T10:24:57","modified_gmt":"2018-02-11T09:24:57","slug":"wishlist","status":"publish","type":"page","link":"https:\/\/sklep.fbcs.pl\/en\/wishlist\/","title":{"rendered":"Obserwowane"},"content":{"rendered":"\n\n\n\n<form id=\"yith-wcwl-form\" action=\"https:\/\/sklep.fbcs.pl\/en\/wishlist\/\" method=\"post\" class=\"woocommerce yith-wcwl-form wishlist-fragment\" data-fragment-options=\"{&quot;per_page&quot;:5,&quot;pagination&quot;:&quot;no&quot;,&quot;wishlist_id&quot;:false,&quot;action_params&quot;:false,&quot;no_interactions&quot;:false,&quot;layout&quot;:&quot;&quot;,&quot;wishlist&quot;:false,&quot;is_default&quot;:true,&quot;is_custom_list&quot;:false,&quot;wishlist_token&quot;:&quot;&quot;,&quot;is_private&quot;:false,&quot;count&quot;:0,&quot;page_title&quot;:&quot;Moja lista \\u017cycze\\u0144: Fundacja Bia\\u0142o-Czerwone Skrzyd\\u0142a - Sklep&quot;,&quot;default_wishlsit_title&quot;:&quot;Moja lista \\u017cycze\\u0144: Fundacja Bia\\u0142o-Czerwone Skrzyd\\u0142a - Sklep&quot;,&quot;current_page&quot;:1,&quot;page_links&quot;:false,&quot;is_user_logged_in&quot;:false,&quot;is_user_owner&quot;:true,&quot;can_user_edit_title&quot;:false,&quot;show_price&quot;:true,&quot;show_dateadded&quot;:false,&quot;show_stock_status&quot;:true,&quot;show_add_to_cart&quot;:true,&quot;show_remove_product&quot;:true,&quot;add_to_cart_text&quot;:&quot;Dodaj do koszyka&quot;,&quot;show_ask_estimate_button&quot;:false,&quot;ask_estimate_url&quot;:&quot;&quot;,&quot;price_excl_tax&quot;:true,&quot;show_cb&quot;:false,&quot;show_quantity&quot;:false,&quot;show_variation&quot;:false,&quot;show_price_variations&quot;:false,&quot;show_update&quot;:false,&quot;enable_drag_n_drop&quot;:false,&quot;enable_add_all_to_cart&quot;:false,&quot;move_to_another_wishlist&quot;:false,&quot;repeat_remove_button&quot;:false,&quot;show_last_column&quot;:true,&quot;heading_icon&quot;:&quot;&lt;i class=\\&quot;fa none\\&quot;&gt;&lt;\\\/i&gt;&quot;,&quot;share_enabled&quot;:false,&quot;template_part&quot;:&quot;view&quot;,&quot;additional_info&quot;:false,&quot;available_multi_wishlist&quot;:false,&quot;form_action&quot;:&quot;https:\\\/\\\/sklep.fbcs.pl\\\/en\\\/wishlist\\\/&quot;,&quot;item&quot;:&quot;wishlist&quot;}\">\n\n\t<!-- TITLE -->\n\t\t\t<div class=\"wishlist-title \">\n\t\t\t<h2>Moja lista \u017cycze\u0144: Fundacja Bia\u0142o-Czerwone Skrzyd\u0142a - Sklep<\/h2>\t\t\t\t\t<\/div>\n\t\t\t\n\n<!-- WISHLIST TABLE -->\n<table\n\tclass=\"shop_table cart wishlist_table wishlist_view traditional responsive   \"\n\tdata-pagination=\"no\" data-per-page=\"5\"\n\tdata-page=\"1\" data-id=\"\"\n\tdata-token=\"\">\n\n\t\n\t<thead>\n\t<tr>\n\t\t\n\t\t\t\t\t\t\t\t<th class=\"product-remove\">\n\t\t\t\t<span class=\"nobr\">\n\t\t\t\t\t\t\t\t\t<\/span>\n\t\t\t<\/th>\n\t\t\n\t\t<th class=\"product-thumbnail\"><\/th>\n\n\t\t<th class=\"product-name\">\n\t\t\t<span class=\"nobr\">\n\t\t\t\tProduct name\t\t\t<\/span>\n\t\t<\/th>\n\n\t\t\t\t\t\t\t\t<th class=\"product-price\">\n\t\t\t\t<span class=\"nobr\">\n\t\t\t\t\tUnit price\t\t\t\t<\/span>\n\t\t\t<\/th>\n\t\t\n\t\t\n\t\t\t\t\t\t\t\t<th class=\"product-stock-status\">\n\t\t\t\t<span class=\"nobr\">\n\t\t\t\t\tStock status\t\t\t\t<\/span>\n\t\t\t<\/th>\n\t\t\n\t\t\t\t\t\t\t\t<th class=\"product-add-to-cart\">\n\t\t\t\t<span class=\"nobr\">\n\t\t\t\t\t\t\t\t\t<\/span>\n\t\t\t<\/th>\n\t\t\n\t\t\t<\/tr>\n\t<\/thead>\n\n\t<tbody class=\"wishlist-items-wrapper\">\n\t\t\t<tr>\n\t\t\t<td colspan=\"6\" class=\"wishlist-empty\">No products added to the wishlist<\/td>\n\t\t<\/tr>\n\t\t<\/tbody>\n\n<\/table>\n\n\t<div class=\"yith_wcwl_wishlist_footer\">\n\t\t\n\n\t\t\n\n\t\t\n\t\t\t<\/div>\n\n\t<input type=\"hidden\" id=\"yith_wcwl_edit_wishlist\" name=\"yith_wcwl_edit_wishlist\" value=\"444f90a4a1\" \/><input type=\"hidden\" name=\"_wp_http_referer\" value=\"\/en\/wp-json\/wp\/v2\/pages\/52\" \/>\t<input type=\"hidden\" value=\"\" name=\"wishlist_id\" id=\"wishlist_id\">\n\n\t\n<\/form>\n\n\n\n\n","protected":false},"excerpt":{"rendered":"","protected":false},"author":1,"featured_media":0,"parent":0,"menu_order":0,"comment_status":"closed","ping_status":"closed","template":"","meta":[],"yoast_head":"<!-- This site is optimized with the Yoast SEO plugin v14.5 - https:\/\/yoast.com\/wordpress\/plugins\/seo\/ -->\n<title>Obserwowane - Fundacja Bia\u0142o-Czerwone Skrzyd\u0142a - Jet Flight<\/title>\n<meta name=\"robots\" content=\"index, follow\" \/>\n<meta name=\"googlebot\" content=\"index, follow, max-snippet:-1, max-image-preview:large, max-video-preview:-1\" \/>\n<meta name=\"bingbot\" content=\"index, follow, max-snippet:-1, max-image-preview:large, max-video-preview:-1\" \/>\n<link rel=\"canonical\" href=\"http:\/\/sklep.fbcs.pl\/wishlist\/\" \/>\n<meta property=\"og:locale\" content=\"en_GB\" \/>\n<meta property=\"og:type\" content=\"article\" \/>\n<meta property=\"og:title\" content=\"Obserwowane - Fundacja Bia\u0142o-Czerwone Skrzyd\u0142a - Jet Flight\" \/>\n<meta property=\"og:url\" content=\"http:\/\/sklep.fbcs.pl\/wishlist\/\" \/>\n<meta property=\"og:site_name\" content=\"Fundacja Bia\u0142o-Czerwone Skrzyd\u0142a - Jet Flight\" \/>\n<meta property=\"article:publisher\" content=\"https:\/\/www.facebook.com\/BialoCzerwoneSkrzydla\/\" \/>\n<meta property=\"og:image\" content=\"https:\/\/sklep.fbcs.pl\/wp-content\/uploads\/2019\/03\/WhatsApp-Image-2020-05-05-at-21.01.52.jpeg\" \/>\n\t<meta property=\"og:image:width\" content=\"1024\" \/>\n\t<meta property=\"og:image:height\" content=\"576\" \/>\n<meta name=\"twitter:card\" content=\"summary_large_image\" \/>\n<script type=\"application\/ld+json\" class=\"yoast-schema-graph\">{\"@context\":\"https:\/\/schema.org\",\"@graph\":[{\"@type\":\"Organization\",\"@id\":\"https:\/\/sklep.fbcs.pl\/en\/#organization\",\"name\":\"Jet Flight - Fundacja Bia\\u0142o-Czerwone Skrzyd\\u0142a\",\"url\":\"https:\/\/sklep.fbcs.pl\/en\/\",\"sameAs\":[\"https:\/\/www.facebook.com\/BialoCzerwoneSkrzydla\/\",\"https:\/\/www.instagram.com\/fundacjabialoczerwoneskrzydla\/\"],\"logo\":{\"@type\":\"ImageObject\",\"@id\":\"https:\/\/sklep.fbcs.pl\/en\/#logo\",\"inLanguage\":\"en-GB\",\"url\":\"https:\/\/sklep.fbcs.pl\/wp-content\/uploads\/2020\/04\/logo_sq.png\",\"width\":500,\"height\":500,\"caption\":\"Jet Flight - Fundacja Bia\\u0142o-Czerwone Skrzyd\\u0142a\"},\"image\":{\"@id\":\"https:\/\/sklep.fbcs.pl\/en\/#logo\"}},{\"@type\":\"WebSite\",\"@id\":\"https:\/\/sklep.fbcs.pl\/en\/#website\",\"url\":\"https:\/\/sklep.fbcs.pl\/en\/\",\"name\":\"Fundacja Bia\\u0142o-Czerwone Skrzyd\\u0142a - Jet Flight\",\"description\":\"\",\"publisher\":{\"@id\":\"https:\/\/sklep.fbcs.pl\/en\/#organization\"},\"potentialAction\":[{\"@type\":\"SearchAction\",\"target\":\"https:\/\/sklep.fbcs.pl\/en\/?s={search_term_string}\",\"query-input\":\"required name=search_term_string\"}],\"inLanguage\":\"en-GB\"},{\"@type\":\"WebPage\",\"@id\":\"http:\/\/sklep.fbcs.pl\/wishlist\/#webpage\",\"url\":\"http:\/\/sklep.fbcs.pl\/wishlist\/\",\"name\":\"Obserwowane - Fundacja Bia\\u0142o-Czerwone Skrzyd\\u0142a - Jet Flight\",\"isPartOf\":{\"@id\":\"https:\/\/sklep.fbcs.pl\/en\/#website\"},\"datePublished\":\"2018-02-11T09:24:57+00:00\",\"dateModified\":\"2018-02-11T09:24:57+00:00\",\"inLanguage\":\"en-GB\",\"potentialAction\":[{\"@type\":\"ReadAction\",\"target\":[\"http:\/\/sklep.fbcs.pl\/wishlist\/\"]}]}]}<\/script>\n<!-- \/ Yoast SEO plugin. -->","_links":{"self":[{"href":"https:\/\/sklep.fbcs.pl\/en\/wp-json\/wp\/v2\/pages\/52"}],"collection":[{"href":"https:\/\/sklep.fbcs.pl\/en\/wp-json\/wp\/v2\/pages"}],"about":[{"href":"https:\/\/sklep.fbcs.pl\/en\/wp-json\/wp\/v2\/types\/page"}],"author":[{"embeddable":true,"href":"https:\/\/sklep.fbcs.pl\/en\/wp-json\/wp\/v2\/users\/1"}],"replies":[{"embeddable":true,"href":"https:\/\/sklep.fbcs.pl\/en\/wp-json\/wp\/v2\/comments?post=52"}],"version-history":[{"count":0,"href":"https:\/\/sklep.fbcs.pl\/en\/wp-json\/wp\/v2\/pages\/52\/revisions"}],"wp:attachment":[{"href":"https:\/\/sklep.fbcs.pl\/en\/wp-json\/wp\/v2\/media?parent=52"}],"curies":[{"name":"wp","href":"https:\/\/api.w.org\/{rel}","templated":true}]}}